{"id":51,"date":"2023-09-03T10:17:27","date_gmt":"2023-09-03T10:17:27","guid":{"rendered":"https:\/\/www.ipapoznan.pl\/?page_id=51"},"modified":"2025-12-19T20:58:48","modified_gmt":"2025-12-19T20:58:48","slug":"zarzad-regionu-ipa-poznan","status":"publish","type":"page","link":"https:\/\/www.ipapoznan.pl\/?page_id=51","title":{"rendered":"Zarz\u0105d"},"content":{"rendered":"\n<h2 class=\"wp-block-heading\">Zarz\u0105d Regionu IPA Pozna\u0144<\/h2>\n\n\n\n<figure class=\"wp-block-gallery has-nested-images columns-default is-cropped wp-block-gallery-1 is-layout-flex wp-block-gallery-is-layout-flex\">\n<figure class=\"wp-block-image size-large\"><a href=\"https:\/\/www.ipapoznan.pl\/wp-content\/uploads\/2023\/09\/za2.jpg\" target=\"_blank\" rel=\"noopener\"><img loading=\"lazy\" decoding=\"async\" width=\"1024\" height=\"875\" data-id=\"52\" src=\"https:\/\/www.ipapoznan.pl\/wp-content\/uploads\/2023\/09\/za2-1024x875.jpg\" alt=\"Zarz\u0105d Region IPA Pozna\u0144\" class=\"wp-image-52\" srcset=\"https:\/\/www.ipapoznan.pl\/wp-content\/uploads\/2023\/09\/za2-1024x875.jpg 1024w, https:\/\/www.ipapoznan.pl\/wp-content\/uploads\/2023\/09\/za2-300x256.jpg 300w, https:\/\/www.ipapoznan.pl\/wp-content\/uploads\/2023\/09\/za2-768x656.jpg 768w, https:\/\/www.ipapoznan.pl\/wp-content\/uploads\/2023\/09\/za2-1536x1312.jpg 1536w, https:\/\/www.ipapoznan.pl\/wp-content\/uploads\/2023\/09\/za2.jpg 1600w\" sizes=\"auto, (max-width: 1024px) 100vw, 1024px\" \/><\/a><\/figure>\n<\/figure>\n\n\n\n<figure class=\"wp-block-gallery has-nested-images columns-default is-cropped wp-block-gallery-2 is-layout-flex wp-block-gallery-is-layout-flex\">\n<figure class=\"wp-block-image size-large\"><a href=\"https:\/\/www.ipapoznan.pl\/wp-content\/uploads\/2023\/09\/za1.jpg\" target=\"_blank\" rel=\"noopener\"><img loading=\"lazy\" decoding=\"async\" width=\"1024\" height=\"435\" data-id=\"53\" src=\"https:\/\/www.ipapoznan.pl\/wp-content\/uploads\/2023\/09\/za1-1024x435.jpg\" alt=\"\" class=\"wp-image-53\" srcset=\"https:\/\/www.ipapoznan.pl\/wp-content\/uploads\/2023\/09\/za1-1024x435.jpg 1024w, https:\/\/www.ipapoznan.pl\/wp-content\/uploads\/2023\/09\/za1-300x128.jpg 300w, https:\/\/www.ipapoznan.pl\/wp-content\/uploads\/2023\/09\/za1-768x326.jpg 768w, https:\/\/www.ipapoznan.pl\/wp-content\/uploads\/2023\/09\/za1-1536x653.jpg 1536w, https:\/\/www.ipapoznan.pl\/wp-content\/uploads\/2023\/09\/za1.jpg 1600w\" sizes=\"auto, (max-width: 1024px) 100vw, 1024px\" \/><\/a><\/figure>\n<\/figure>\n\n\n\n<figure class=\"wp-block-gallery has-nested-images columns-default is-cropped wp-block-gallery-3 is-layout-flex wp-block-gallery-is-layout-flex\">\n<figure class=\"wp-block-image size-large\"><a href=\"https:\/\/www.ipapoznan.pl\/wp-content\/uploads\/2023\/09\/za3.jpg\" target=\"_blank\" rel=\"noopener\"><img loading=\"lazy\" decoding=\"async\" width=\"1010\" height=\"1024\" data-id=\"54\" src=\"https:\/\/www.ipapoznan.pl\/wp-content\/uploads\/2023\/09\/za3-1010x1024.jpg\" alt=\"\" class=\"wp-image-54\" srcset=\"https:\/\/www.ipapoznan.pl\/wp-content\/uploads\/2023\/09\/za3-1010x1024.jpg 1010w, https:\/\/www.ipapoznan.pl\/wp-content\/uploads\/2023\/09\/za3-296x300.jpg 296w, https:\/\/www.ipapoznan.pl\/wp-content\/uploads\/2023\/09\/za3-768x779.jpg 768w, https:\/\/www.ipapoznan.pl\/wp-content\/uploads\/2023\/09\/za3-1515x1536.jpg 1515w, https:\/\/www.ipapoznan.pl\/wp-content\/uploads\/2023\/09\/za3.jpg 1578w\" sizes=\"auto, (max-width: 1010px) 100vw, 1010px\" \/><\/a><\/figure>\n<\/figure>\n\n\n\n<p><\/p>\n\n\n\n<p>Zarz\u0105d IPA REGION POZNA\u0143<\/p>\n\n\n\n<p>SK\u0141AD:<\/p>\n\n\n\n<ol class=\"wp-block-list\">\n<li>Witold Drza\u017cd\u017cy\u0144ski &#8211; Przewodnicz\u0105cy zarz\u0105du- email: <a href=\"mailto:witold.ipa@wp.pl\">witold.ipa@wp.pl<\/a><\/li>\n\n\n\n<li>Jaros\u0142aw G\u0142uchy &#8211; cz\u0142onek zarz\u0105du &#8211; IT Specialist \/ Graphic designer &#8211; email: <a href=\"mailto:admin@ipapoznan.pl\">admin@ipapoznan.pl<\/a><\/li>\n\n\n\n<li>Micha\u0142 Bartkowiak &#8211; cz\u0142onek zarz\u0105du<\/li>\n\n\n\n<li>Bo\u017cena Nowicka &#8211; cz\u0142onek zarz\u0105du\/skarbnik<\/li>\n\n\n\n<li>Hanna Wachowicz &#8211; cz\u0142onek zarz\u0105du\/ sekretarz<\/li>\n\n\n\n<li>Kazimierz Wylega\u0142a &#8211; cz\u0142onek zarz\u0105du &#8211; senior<\/li>\n<\/ol>\n\n\n\n<p>Komisja Rewizyjna:<\/p>\n\n\n\n<p>Piotr Szymurski &#8211; Przewodnicz\u0105cy<\/p>\n\n\n\n<p>Admin<\/p>\n\n\n\n<p><\/p>\n","protected":false},"excerpt":{"rendered":"<p>Zarz\u0105d Regionu IPA Pozna\u0144 Zarz\u0105d IPA REGION POZNA\u0143 SK\u0141AD: Komisja Rewizyjna: Piotr Szymurski &#8211; Przewodnicz\u0105cy Admin<\/p>\n","protected":false},"author":1,"featured_media":0,"parent":0,"menu_order":0,"comment_status":"closed","ping_status":"closed","template":"","meta":{"_bbp_topic_count":0,"_bbp_reply_count":0,"_bbp_total_topic_count":0,"_bbp_total_reply_count":0,"_bbp_voice_count":0,"_bbp_anonymous_reply_count":0,"_bbp_topic_count_hidden":0,"_bbp_reply_count_hidden":0,"_bbp_forum_subforum_count":0,"footnotes":""},"class_list":["post-51","page","type-page","status-publish","hentry"],"_links":{"self":[{"href":"https:\/\/www.ipapoznan.pl\/index.php?rest_route=\/wp\/v2\/pages\/51","targetHints":{"allow":["GET"]}}],"collection":[{"href":"https:\/\/www.ipapoznan.pl\/index.php?rest_route=\/wp\/v2\/pages"}],"about":[{"href":"https:\/\/www.ipapoznan.pl\/index.php?rest_route=\/wp\/v2\/types\/page"}],"author":[{"embeddable":true,"href":"https:\/\/www.ipapoznan.pl\/index.php?rest_route=\/wp\/v2\/users\/1"}],"replies":[{"embeddable":true,"href":"https:\/\/www.ipapoznan.pl\/index.php?rest_route=%2Fwp%2Fv2%2Fcomments&post=51"}],"version-history":[{"count":10,"href":"https:\/\/www.ipapoznan.pl\/index.php?rest_route=\/wp\/v2\/pages\/51\/revisions"}],"predecessor-version":[{"id":996,"href":"https:\/\/www.ipapoznan.pl\/index.php?rest_route=\/wp\/v2\/pages\/51\/revisions\/996"}],"wp:attachment":[{"href":"https:\/\/www.ipapoznan.pl\/index.php?rest_route=%2Fwp%2Fv2%2Fmedia&parent=51"}],"curies":[{"name":"wp","href":"https:\/\/api.w.org\/{rel}","templated":true}]}}