{"id":23,"date":"2023-09-03T09:56:05","date_gmt":"2023-09-03T09:56:05","guid":{"rendered":"https:\/\/www.ipapoznan.pl\/?page_id=23"},"modified":"2023-09-03T13:07:55","modified_gmt":"2023-09-03T13:07:55","slug":"ogloszenia","status":"publish","type":"page","link":"https:\/\/www.ipapoznan.pl\/?page_id=23","title":{"rendered":"Cz\u0142onkostwo"},"content":{"rendered":"\n<h1 class=\"wp-block-heading\">Dlaczego warto wst\u0105pi\u0107 do IPA Region Pozna\u0144<\/h1>\n\n\n\n<h3 class=\"wp-block-heading\">Szanowne Kole\u017canki i Szanowni Koledzy &#8211; Policjanci i Stra\u017cnicy Graniczni oraz emeryci tych s\u0142u\u017cb \u2013 chcia\u0142bym Was poinformowa\u0107, \u017ce <em><strong>wst\u0119puj\u0105c<\/strong><\/em> do International Police Association (Mi\u0119dzynarodowe Stowarzyszenie Policji) \u2013 Region Pozna\u0144 <strong>masz mo\u017cliwo\u015b\u0107:<\/strong><\/h3>\n\n\n\n<ul class=\"wp-block-list\">\n<li>udzia\u0142u w zagranicznych sta\u017cach zawodowych np.: \u201ePlacement Programme\u201d koordynowanych przez Sekcj\u0119 Polsk\u0105 IPA i Region IPA Pozna\u0144 m.in. w Irlandii i Anglii oraz mi\u0119dzynarodowych szkoleniach zawodowych np.: w \u201eMi\u0119dzynarodowym Centrum Szkolenia IPA (IBZ)\u201d w Gimborn (Niemcy);<\/li>\n\n\n\n<li>korzystania <strong>ze zni\u017ck\u0105 minimum 20%<\/strong> z obiekt\u00f3w (hoteli i restauracji) rekomendowanych przez Sekcj\u0119 Polsk\u0105 IPA w Polsce (ponad 100 obiekt\u00f3w) oraz dom\u00f3w IPA (<a href=\"https:\/\/ipapolska.pl\/ipa-houses-polska\/\" data-type=\"link\" data-id=\"https:\/\/ipapolska.pl\/ipa-houses-polska\/\">IPA Houses<\/a>) na \u015bwiecie oraz z basen\u00f3w termalnych w Polsce. Wykaz wszystkich obiekt\u00f3w znajduje si\u0119 na stronie internetowej <a href=\"https:\/\/www.ipapolska.pl\/\">www.ipapolska.pl<\/a>;<\/li>\n\n\n\n<li>korzystania <strong>ze zni\u017ck\u0105<\/strong> z us\u0142ug biura turystycznego \u201eRAINBOW\u201d;<\/li>\n\n\n\n<li>korzystania <strong>ze zni\u017cki <\/strong>(w zale\u017cno\u015bci od rodzaju cz\u0119\u015bci) przy zakupie cz\u0119\u015bci samochodowych w firmie \u201eINTER CARS\u201d,<\/li>\n\n\n\n<li>skorzystania z promocyjnych ofert operator\u00f3w telefonii kom\u00f3rkowej wsp\u00f3\u0142pracuj\u0105cych z Grupami Wojew\u00f3dzkimi IPA w Polsce;<\/li>\n\n\n\n<li>udzia\u0142u w krajowych i zagranicznych wyjazdach turystycznych oraz w r\u00f3\u017cnego rodzaju imprezach sportowych, kulturalnych i rodzinnych organizowanych przez wszystkie struktury IPA w Polsce;<\/li>\n\n\n\n<li>udzia\u0142u w mi\u0119dzynarodowych konkursach fotograficznych organizowanych przez w\u0142adze \u015bwiatowe IPA;<\/li>\n\n\n\n<li>ponadto jako cz\u0142onek Regionu Pozna\u0144 IPA co roku otrzymujesz 3 lub 4 wydania czasopisma \u201eWiadomo\u015bci Sekcji Polskiej IPA\u201d oraz coroczny gad\u017cet SP IPA wraz z naklejk\u0105 na szyb\u0119 samochodow\u0105;<\/li>\n\n\n\n<li><strong>WST\u0118PUJ\u0104C DO IPA STAJESZ SI\u0118 CZ\u0141ONKIEM NAJWI\u0118KSZEGO POLICYJNEGO STOWARZYSZENIA NA \u015aWIECIE I OTRZYMUJESZ LEGITYMACJ\u0118, KT\u00d3RA JEST HONOROWANA PRZEZ S\u0141U\u017bBY POLICYJNE W 65 PA\u0143STWACH;<\/strong><\/li>\n<\/ul>\n\n\n\n<p>Je\u015bli jeste\u015b zainteresowany przy\u0142\u0105czeniem si\u0119 do naszej IPA rodziny \u2013 wejd\u017a na stron\u0119: <a href=\"https:\/\/www.ipapolska.pl\/\"><strong>www.ipapolska.pl<\/strong><\/a><strong>,<\/strong> wydrukuj deklaracj\u0119 cz\u0142onkowsk\u0105 i skontaktuj si\u0119 z Regionem IPA Pozna\u0144<\/p>\n\n\n\n<p><strong>Servo per amikeco<\/strong><\/p>\n\n\n\n<p><em>Witold Drza\u017cd\u017cy\u0144ski\u2013 Przewodnicz\u0105cy  Region Pozna\u0144 IPA<\/em><\/p>\n\n\n\n<h2 class=\"wp-block-heading\">Nabycie cz\u0142onkostwa<\/h2>\n\n\n\n<h1 class=\"wp-block-heading\"><\/h1>\n\n\n\n<h2 class=\"wp-block-heading\">Zasady nabycia cz\u0142onkostwa zwyczajnego<\/h2>\n\n\n\n<p>(wg statutu &#8211; \u201eRozdzia\u0142 4 CZ\u0141ONKOSTWO\u201d oraz regulaminu IPA SP \u2013 \u201eRozdzia\u0142 2 NABYCIE CZ\u0141ONKOSTWA &#8211; Tryb oraz warunki nabycia cz\u0142onkostwa zwyczajnego&#8221;<\/p>\n\n\n\n<ol class=\"wp-block-list\">\n<li>Cz\u0142onkami IPA \u2013 Sekcja Polska mog\u0105 by\u0107 osoby pe\u0142ni\u0105ce s\u0142u\u017cb\u0119 w Policji lub Stra\u017cy Granicznej oraz emeryci i renci\u015bci tych s\u0142u\u017cb.<\/li>\n\n\n\n<li>Cz\u0142onkostwo zwyczajne nabywa si\u0119 w Regionie IPA po z\u0142o\u017ceniu deklaracji i op\u0142aceniu sk\u0142adki cz\u0142onkowskiej.<\/li>\n\n\n\n<li>Przedk\u0142adaj\u0105c wype\u0142nion\u0105 deklaracj\u0119, osoba chc\u0105ca wst\u0105pi\u0107 do stowarzyszenia wp\u0142aca r\u00f3wnocze\u015bnie sk\u0142adk\u0119 cz\u0142onkowsk\u0105 i op\u0142at\u0119 za legitymacj\u0119, albo do\u0142\u0105cza dokument potwierdzaj\u0105cy wniesienie takowych op\u0142at.<\/li>\n\n\n\n<li>Przyj\u0119cia na cz\u0142onka zwyczajnego Stowarzyszenia mo\u017cna odm\u00f3wi\u0107 bez podania przyczyny. W przypadku odmowy podpisania deklaracji przez osob\u0119 funkcyjn\u0105, prezydium regionu podejmuje uchwa\u0142\u0119 o odmowie b\u0105d\u017a przyj\u0119ciu cz\u0142onka. W przypadku odmowy, odpis uchwa\u0142y wraz z przed\u0142o\u017con\u0105 deklaracj\u0105 przekazywane s\u0105 kandydatowi w ci\u0105gu 14 dni od daty podj\u0119cia uchwa\u0142y.<\/li>\n\n\n\n<li>Od decyzji odmownej mo\u017cna z\u0142o\u017cy\u0107 odwo\u0142anie do Zarz\u0105du Grupy Wojew\u00f3dzkiej, przy czym jego uchwa\u0142a w tej sprawie jest ostateczna.<\/li>\n\n\n\n<li>Deklaracje, po podpisaniu przez osob\u0119 funkcyjn\u0105 prezydium regionu, przekazywane s\u0105 do referatu legitymacji.<\/li>\n\n\n\n<li>Po wytworzeniu \u017c\u0105danego dokumentu, asystent referatu legitymacji poprzez prezydium grupy wojew\u00f3dzkiej odsy\u0142a go do w\u0142a\u015bciwego regionu.<\/li>\n\n\n\n<li>Dowodem cz\u0142onkostwa w stowarzyszeniu jest wa\u017cna legitymacja IPA.<\/li>\n\n\n\n<li>Wz\u00f3r legitymacji obowi\u0105zuj\u0105cy w Sekcji Polskiej IPA okre\u015bla Krajowy Zarz\u0105d.<\/li>\n\n\n\n<li>W przypadku wydania nowej legitymacji z powodu jej zagubienia lub zniszczenia, cz\u0142onek wnosi op\u0142at\u0119 za legitymacj\u0119 jak w przypadku nowo przyj\u0119tych cz\u0142onk\u00f3w.<\/li>\n\n\n\n<li>Wymiana legitymacji z powodu zmiany danych jest bezp\u0142atna.<\/li>\n<\/ol>\n\n\n\n<ol class=\"wp-block-list\">\n<li>Cz\u0142onek, kt\u00f3ry utraci\u0142 cz\u0142onkostwo w wyniku skre\u015blenia mo\u017ce ponownie je uzyska\u0107:\n<ol class=\"wp-block-list\">\n<li>na og\u00f3lnych warunkach, je\u015bli podstaw\u0105 skre\u015blenia by\u0142 \u00a7 11 ust. 1 pkt 1 lit. a statutu;<\/li>\n\n\n\n<li>po op\u0142aceniu sk\u0142adki rocznej, je\u015bli podstaw\u0105 skre\u015blenia by\u0142 \u00a7 11 ust. 1 pkt 1 lit. b statutu.<\/li>\n<\/ol>\n<\/li>\n\n\n\n<li>Cz\u0142onek, kt\u00f3ry utraci\u0142 cz\u0142onkostwo w wyniku wykluczenia mo\u017ce ponownie je uzyska\u0107 na og\u00f3lnych warunkach po up\u0142ywie 5 lat od daty prawomocnej uchwa\u0142y o wykluczeniu. Ponowne uzyskanie cz\u0142onkostwa bez zachowania powy\u017cszego terminu jest z mocy statutu niewa\u017cne.&nbsp;<\/li>\n<\/ol>\n","protected":false},"excerpt":{"rendered":"<p>Dlaczego warto wst\u0105pi\u0107 do IPA Region Pozna\u0144 Szanowne Kole\u017canki i Szanowni Koledzy &#8211; Policjanci i Stra\u017cnicy Graniczni oraz emeryci tych s\u0142u\u017cb \u2013 chcia\u0142bym Was poinformowa\u0107, \u017ce wst\u0119puj\u0105c do International Police Association (Mi\u0119dzynarodowe Stowarzyszenie Policji) \u2013 Region Pozna\u0144 masz mo\u017cliwo\u015b\u0107: Je\u015bli jeste\u015b zainteresowany przy\u0142\u0105czeniem si\u0119 do naszej IPA rodziny \u2013 wejd\u017a na stron\u0119: www.ipapolska.pl, wydrukuj deklaracj\u0119\u2026 <span class=\"read-more\"><a href=\"https:\/\/www.ipapoznan.pl\/?page_id=23\">Dowiedz si\u0119 wi\u0119cej &raquo;<\/a><\/span><\/p>\n","protected":false},"author":1,"featured_media":0,"parent":0,"menu_order":0,"comment_status":"closed","ping_status":"closed","template":"","meta":{"_bbp_topic_count":0,"_bbp_reply_count":0,"_bbp_total_topic_count":0,"_bbp_total_reply_count":0,"_bbp_voice_count":0,"_bbp_anonymous_reply_count":0,"_bbp_topic_count_hidden":0,"_bbp_reply_count_hidden":0,"_bbp_forum_subforum_count":0,"footnotes":""},"class_list":["post-23","page","type-page","status-publish","hentry"],"_links":{"self":[{"href":"https:\/\/www.ipapoznan.pl\/index.php?rest_route=\/wp\/v2\/pages\/23","targetHints":{"allow":["GET"]}}],"collection":[{"href":"https:\/\/www.ipapoznan.pl\/index.php?rest_route=\/wp\/v2\/pages"}],"about":[{"href":"https:\/\/www.ipapoznan.pl\/index.php?rest_route=\/wp\/v2\/types\/page"}],"author":[{"embeddable":true,"href":"https:\/\/www.ipapoznan.pl\/index.php?rest_route=\/wp\/v2\/users\/1"}],"replies":[{"embeddable":true,"href":"https:\/\/www.ipapoznan.pl\/index.php?rest_route=%2Fwp%2Fv2%2Fcomments&post=23"}],"version-history":[{"count":6,"href":"https:\/\/www.ipapoznan.pl\/index.php?rest_route=\/wp\/v2\/pages\/23\/revisions"}],"predecessor-version":[{"id":376,"href":"https:\/\/www.ipapoznan.pl\/index.php?rest_route=\/wp\/v2\/pages\/23\/revisions\/376"}],"wp:attachment":[{"href":"https:\/\/www.ipapoznan.pl\/index.php?rest_route=%2Fwp%2Fv2%2Fmedia&parent=23"}],"curies":[{"name":"wp","href":"https:\/\/api.w.org\/{rel}","templated":true}]}}