{"id":21,"date":"2023-09-03T09:55:38","date_gmt":"2023-09-03T09:55:38","guid":{"rendered":"https:\/\/www.ipapoznan.pl\/?page_id=21"},"modified":"2023-09-12T06:03:55","modified_gmt":"2023-09-12T06:03:55","slug":"football","status":"publish","type":"page","link":"https:\/\/www.ipapoznan.pl\/?page_id=21","title":{"rendered":"Football"},"content":{"rendered":"\n<figure class=\"wp-block-image size-full\"><img loading=\"lazy\" decoding=\"async\" width=\"910\" height=\"360\" src=\"https:\/\/www.ipapoznan.pl\/wp-content\/uploads\/2023\/09\/baner_001.jpg\" alt=\"\" class=\"wp-image-324\" srcset=\"https:\/\/www.ipapoznan.pl\/wp-content\/uploads\/2023\/09\/baner_001.jpg 910w, https:\/\/www.ipapoznan.pl\/wp-content\/uploads\/2023\/09\/baner_001-300x119.jpg 300w, https:\/\/www.ipapoznan.pl\/wp-content\/uploads\/2023\/09\/baner_001-768x304.jpg 768w, https:\/\/www.ipapoznan.pl\/wp-content\/uploads\/2023\/09\/baner_001-660x261.jpg 660w\" sizes=\"auto, (max-width: 910px) 100vw, 910px\" \/><\/figure>\n\n\n\n<p>IPA Region Pozna\u0144 jako stowarzyszenie chce pog\u0142\u0119bia\u0107 wiedz\u0119 kulturaln\u0105 i do\u015bwiadczenia swoich cz\u0142onk\u00f3w jak r\u00f3wnie\u017c wymienia\u0107 do\u015bwiadczenia mi\u0119dzy krajami, a w ramach swoich mo\u017cliwo\u015bci nie\u015b\u0107 pomoc w zakresie socjalnym i wsp\u00f3lnie z innymi d\u0105\u017cy\u0107 do podtrzymywania pokojowego wsp\u00f3\u0142istnienia na \u015bwiecie. Dlatego IPA Region Pozna\u0144 jest organizatorem Mi\u0119dzynarodowego Turnieju Pi\u0142karskiego. Wi\u0119cej mo\u017cna poczyta\u0107 na stronach turnieju.<\/p>\n\n\n\n<p>Zapraszamy na <strong><a href=\"https:\/\/www.ipafootball.pl\">https:\/\/www.ipafootball.pl<\/a><\/strong><\/p>\n\n\n\n<p><\/p>\n","protected":false},"excerpt":{"rendered":"<p>IPA Region Pozna\u0144 jako stowarzyszenie chce pog\u0142\u0119bia\u0107 wiedz\u0119 kulturaln\u0105 i do\u015bwiadczenia swoich cz\u0142onk\u00f3w jak r\u00f3wnie\u017c wymienia\u0107 do\u015bwiadczenia mi\u0119dzy krajami, a w ramach swoich mo\u017cliwo\u015bci nie\u015b\u0107 pomoc w zakresie socjalnym i wsp\u00f3lnie z innymi d\u0105\u017cy\u0107 do podtrzymywania pokojowego wsp\u00f3\u0142istnienia na \u015bwiecie. Dlatego IPA Region Pozna\u0144 jest organizatorem Mi\u0119dzynarodowego Turnieju Pi\u0142karskiego. Wi\u0119cej mo\u017cna poczyta\u0107 na stronach turnieju.\u2026 <span class=\"read-more\"><a href=\"https:\/\/www.ipapoznan.pl\/?page_id=21\">Dowiedz si\u0119 wi\u0119cej &raquo;<\/a><\/span><\/p>\n","protected":false},"author":1,"featured_media":0,"parent":0,"menu_order":0,"comment_status":"closed","ping_status":"closed","template":"","meta":{"_bbp_topic_count":0,"_bbp_reply_count":0,"_bbp_total_topic_count":0,"_bbp_total_reply_count":0,"_bbp_voice_count":0,"_bbp_anonymous_reply_count":0,"_bbp_topic_count_hidden":0,"_bbp_reply_count_hidden":0,"_bbp_forum_subforum_count":0,"footnotes":""},"class_list":["post-21","page","type-page","status-publish","hentry"],"_links":{"self":[{"href":"https:\/\/www.ipapoznan.pl\/index.php?rest_route=\/wp\/v2\/pages\/21","targetHints":{"allow":["GET"]}}],"collection":[{"href":"https:\/\/www.ipapoznan.pl\/index.php?rest_route=\/wp\/v2\/pages"}],"about":[{"href":"https:\/\/www.ipapoznan.pl\/index.php?rest_route=\/wp\/v2\/types\/page"}],"author":[{"embeddable":true,"href":"https:\/\/www.ipapoznan.pl\/index.php?rest_route=\/wp\/v2\/users\/1"}],"replies":[{"embeddable":true,"href":"https:\/\/www.ipapoznan.pl\/index.php?rest_route=%2Fwp%2Fv2%2Fcomments&post=21"}],"version-history":[{"count":4,"href":"https:\/\/www.ipapoznan.pl\/index.php?rest_route=\/wp\/v2\/pages\/21\/revisions"}],"predecessor-version":[{"id":325,"href":"https:\/\/www.ipapoznan.pl\/index.php?rest_route=\/wp\/v2\/pages\/21\/revisions\/325"}],"wp:attachment":[{"href":"https:\/\/www.ipapoznan.pl\/index.php?rest_route=%2Fwp%2Fv2%2Fmedia&parent=21"}],"curies":[{"name":"wp","href":"https:\/\/api.w.org\/{rel}","templated":true}]}}