{"id":19,"date":"2023-09-03T09:55:11","date_gmt":"2023-09-03T09:55:11","guid":{"rendered":"https:\/\/www.ipapoznan.pl\/?page_id=19"},"modified":"2025-06-12T08:33:56","modified_gmt":"2025-06-12T08:33:56","slug":"galeria","status":"publish","type":"page","link":"https:\/\/www.ipapoznan.pl\/?page_id=19","title":{"rendered":"PROGRAMY IPA"},"content":{"rendered":"\n<p><\/p>\n\n\n\n<p>Wymiana sta\u017cowa funkcjonariuszy pomi\u0119dzy Polsk\u0105 a innym stowarzyszonymi krajami.<\/p>\n\n\n\n<p>Chcesz zosta\u0107 sta\u017cyst\u0105?<\/p>\n\n\n<div class=\"wp-block-image\">\n<figure class=\"aligncenter size-full is-resized\"><img loading=\"lazy\" decoding=\"async\" width=\"300\" height=\"112\" src=\"https:\/\/www.ipapoznan.pl\/wp-content\/uploads\/2025\/06\/IPA-Polska-Gazeta-500-300x112-1.png\" alt=\"\" class=\"wp-image-907\" style=\"width:479px;height:auto\"\/><\/figure>\n<\/div>\n\n\n<p class=\"has-text-align-center has-x-large-font-size\"><strong><em><a href=\"https:\/\/ipapolska.pl\/placement-programme-pl\/\" data-type=\"link\" data-id=\"https:\/\/ipapolska.pl\/placement-programme-pl\/\" target=\"_blank\" rel=\"noreferrer noopener\">Placement Programme<\/a><\/em><\/strong><\/p>\n\n\n\n<p><\/p>\n\n\n\n<h1 class=\"wp-block-heading\">Wiadomo\u015bci Sekcji Polskiej IPA<\/h1>\n\n\n\n<p><\/p>\n\n\n<div class=\"wp-block-image\">\n<figure class=\"aligncenter size-full\"><img loading=\"lazy\" decoding=\"async\" width=\"308\" height=\"188\" src=\"https:\/\/www.ipapoznan.pl\/wp-content\/uploads\/2023\/09\/info.png\" alt=\"\" class=\"wp-image-335\" srcset=\"https:\/\/www.ipapoznan.pl\/wp-content\/uploads\/2023\/09\/info.png 308w, https:\/\/www.ipapoznan.pl\/wp-content\/uploads\/2023\/09\/info-300x183.png 300w\" sizes=\"auto, (max-width: 308px) 100vw, 308px\" \/><\/figure>\n<\/div>\n\n\n<p>Zapraszamy do zapoznania si\u0119 z najnowsz\u0105 publikacj\u0105: <strong><em><a href=\"https:\/\/ipapolska.pl\/wiadomosci-sekcji-polskiej-ipa\/\" data-type=\"link\" data-id=\"https:\/\/ipapolska.pl\/wiadomosci-sekcji-polskiej-ipa\/\" target=\"_blank\" rel=\"noreferrer noopener\">TUTAJ<\/a><\/em><\/strong><\/p>\n\n\n\n<p><\/p>\n","protected":false},"excerpt":{"rendered":"<p>Wymiana sta\u017cowa funkcjonariuszy pomi\u0119dzy Polsk\u0105 a innym stowarzyszonymi krajami. Chcesz zosta\u0107 sta\u017cyst\u0105? Placement Programme Wiadomo\u015bci Sekcji Polskiej IPA Zapraszamy do zapoznania si\u0119 z najnowsz\u0105 publikacj\u0105: TUTAJ<\/p>\n","protected":false},"author":1,"featured_media":0,"parent":0,"menu_order":0,"comment_status":"closed","ping_status":"closed","template":"","meta":{"_bbp_topic_count":0,"_bbp_reply_count":0,"_bbp_total_topic_count":0,"_bbp_total_reply_count":0,"_bbp_voice_count":0,"_bbp_anonymous_reply_count":0,"_bbp_topic_count_hidden":0,"_bbp_reply_count_hidden":0,"_bbp_forum_subforum_count":0,"footnotes":""},"class_list":["post-19","page","type-page","status-publish","hentry"],"_links":{"self":[{"href":"https:\/\/www.ipapoznan.pl\/index.php?rest_route=\/wp\/v2\/pages\/19","targetHints":{"allow":["GET"]}}],"collection":[{"href":"https:\/\/www.ipapoznan.pl\/index.php?rest_route=\/wp\/v2\/pages"}],"about":[{"href":"https:\/\/www.ipapoznan.pl\/index.php?rest_route=\/wp\/v2\/types\/page"}],"author":[{"embeddable":true,"href":"https:\/\/www.ipapoznan.pl\/index.php?rest_route=\/wp\/v2\/users\/1"}],"replies":[{"embeddable":true,"href":"https:\/\/www.ipapoznan.pl\/index.php?rest_route=%2Fwp%2Fv2%2Fcomments&post=19"}],"version-history":[{"count":11,"href":"https:\/\/www.ipapoznan.pl\/index.php?rest_route=\/wp\/v2\/pages\/19\/revisions"}],"predecessor-version":[{"id":908,"href":"https:\/\/www.ipapoznan.pl\/index.php?rest_route=\/wp\/v2\/pages\/19\/revisions\/908"}],"wp:attachment":[{"href":"https:\/\/www.ipapoznan.pl\/index.php?rest_route=%2Fwp%2Fv2%2Fmedia&parent=19"}],"curies":[{"name":"wp","href":"https:\/\/api.w.org\/{rel}","templated":true}]}}