{"id":17,"date":"2023-09-03T09:53:50","date_gmt":"2023-09-03T09:53:50","guid":{"rendered":"https:\/\/www.ipapoznan.pl\/?page_id=17"},"modified":"2023-09-03T10:09:29","modified_gmt":"2023-09-03T10:09:29","slug":"o-ipa","status":"publish","type":"page","link":"https:\/\/www.ipapoznan.pl\/?page_id=17","title":{"rendered":"O IPA"},"content":{"rendered":"\n<h1 class=\"wp-block-heading\">Co to jest IPA<\/h1>\n\n\n\n<h2 class=\"wp-block-heading\">IPA jest \u2026&nbsp;<\/h2>\n\n\n\n<p>Najwi\u0119kszym stowarzyszeniem na \u015bwiecie z ilo\u015bci\u0105 prawie&nbsp;400 ty\u015b cz\u0142onk\u00f3w zrzeszonych w 65 krajach, a tak\u017ce stowarzyszeniem niezawis\u0142ym \u0142\u0105cz\u0105cym wszystkie policyjne s\u0142u\u017cby, bez r\u00f3\u017cnicy stopnia, wykszta\u0142cenia, p\u0142ci, rasy, barwy sk\u00f3ry, mowy i religii. Jest stowarzyszeniem neutralnym politycznie, gospodarczo, zwi\u0105zkowo i religijnie. Przynale\u017cno\u015b\u0107 do IPA zobowi\u0105zuje do przestrzegania Deklaracji Praw Cz\u0142owieka, kt\u00f3re zosta\u0142y okre\u015blone w 1948 roku oraz Deklaracji o Policji uchwalonej jako rezolucja nr 690 Zgromadzenia Parlamentarnego Rady Europy. Od 1971 roku IPA jest najwi\u0119kszym stowarzyszeniem na \u015bwiecie z prawie 400 ty\u015b. cz\u0142onk\u00f3w zrzeszonych w 65 sekcjach narodowych. IPA posiada status konsultacyjny Organizacji Narod\u00f3w Zjednoczonych (ONZ) i w Radzie Europy. Cz\u0142onkami stowarzyszenia mog\u0105 by\u0107 osoby pe\u0142ni\u0105ce s\u0142u\u017cb\u0119 w Policji i Stra\u017cy Granicznej, emeryci i renci\u015bci policji w\u00f3wczas, gdy podejmowana przez nich praca lub s\u0142u\u017cba nie stoi w sprzeczno\u015bci z postanowieniami statutu<\/p>\n\n\n\n<h2 class=\"wp-block-heading\">IPA chce \u2026<\/h2>\n\n\n\n<p>Pog\u0142\u0119bia\u0107 wiedz\u0119 kulturaln\u0105 i do\u015bwiadczenia swoich cz\u0142onk\u00f3w jak r\u00f3wnie\u017c wymienia\u0107 do\u015bwiadczenia mi\u0119dzy krajami, a w ramach swoich mo\u017cliwo\u015bci nie\u015b\u0107 pomoc w zakresie socjalnym i wsp\u00f3lnie z innymi d\u0105\u017cy\u0107 do podtrzymywania pokojowego wsp\u00f3\u0142istnienia na \u015bwiecie.<\/p>\n\n\n\n<h2 class=\"wp-block-heading\">IPA daje \u2026<\/h2>\n\n\n\n<p>Szeroki program szkoleniowy we w\u0142asnym Mi\u0119dzynarodowym Centrum Informacyjno-Szkoleniowym (IBZ) zamek Gimborn (Niemcy) z finansow\u0105 dop\u0142at\u0105 dla cz\u0142onk\u00f3w IPA, lokalne, regionalne i mi\u0119dzynarodowe zawodowe imprezy na na wszystkich kontynentach, funduje stypendia zagraniczne pog\u0142\u0119biaj\u0105ce i uzupe\u0142niaj\u0105ce kwalifikacje zawodowe, organizuje corocznie mi\u0119dzynarodowe spotkania m\u0142odzie\u017cowe dla c\u00f3rek i syn\u00f3w cz\u0142onk\u00f3w IPA oraz seminaria dla m\u0142odych adept\u00f3w policji, umo\u017cliwia korzystanie z niedrogich dom\u00f3w wczasowych krajowych i zagranicznych oraz wymian\u0119 do\u015bwiadcze\u0144 zawodowych, niesie pomoc dla policjant\u00f3w i ich rodzin, gdy znajd\u0105 si\u0119 w ci\u0119\u017ckiej sytuacji \u017cyciowej.<\/p>\n\n\n\n<h2 class=\"wp-block-heading\">IPA cz\u0142onkostwo \u2026<\/h2>\n\n\n\n<p>Cz\u0142onkami IPA \u2013 Sekcja Polska mog\u0105 by\u0107 osoby pe\u0142ni\u0105ce s\u0142u\u017cb\u0119 w Policji i Stra\u017cy Granicznej jak r\u00f3wnie\u017c emeryci i renci\u015bci tych formacji . Cz\u0142onkostwo stowarzyszenia jest dobrowolne a ka\u017cdy cz\u0142onek jest zobowi\u0105zany aktywnie uczestniczy\u0107 w realizacji cel\u00f3w statutowych IPA.<\/p>\n","protected":false},"excerpt":{"rendered":"<p>Co to jest IPA IPA jest \u2026&nbsp; Najwi\u0119kszym stowarzyszeniem na \u015bwiecie z ilo\u015bci\u0105 prawie&nbsp;400 ty\u015b cz\u0142onk\u00f3w zrzeszonych w 65 krajach, a tak\u017ce stowarzyszeniem niezawis\u0142ym \u0142\u0105cz\u0105cym wszystkie policyjne s\u0142u\u017cby, bez r\u00f3\u017cnicy stopnia, wykszta\u0142cenia, p\u0142ci, rasy, barwy sk\u00f3ry, mowy i religii. Jest stowarzyszeniem neutralnym politycznie, gospodarczo, zwi\u0105zkowo i religijnie. Przynale\u017cno\u015b\u0107 do IPA zobowi\u0105zuje do przestrzegania Deklaracji Praw\u2026 <span class=\"read-more\"><a href=\"https:\/\/www.ipapoznan.pl\/?page_id=17\">Dowiedz si\u0119 wi\u0119cej &raquo;<\/a><\/span><\/p>\n","protected":false},"author":1,"featured_media":0,"parent":0,"menu_order":0,"comment_status":"closed","ping_status":"closed","template":"","meta":{"_bbp_topic_count":0,"_bbp_reply_count":0,"_bbp_total_topic_count":0,"_bbp_total_reply_count":0,"_bbp_voice_count":0,"_bbp_anonymous_reply_count":0,"_bbp_topic_count_hidden":0,"_bbp_reply_count_hidden":0,"_bbp_forum_subforum_count":0,"footnotes":""},"class_list":["post-17","page","type-page","status-publish","hentry"],"_links":{"self":[{"href":"https:\/\/www.ipapoznan.pl\/index.php?rest_route=\/wp\/v2\/pages\/17","targetHints":{"allow":["GET"]}}],"collection":[{"href":"https:\/\/www.ipapoznan.pl\/index.php?rest_route=\/wp\/v2\/pages"}],"about":[{"href":"https:\/\/www.ipapoznan.pl\/index.php?rest_route=\/wp\/v2\/types\/page"}],"author":[{"embeddable":true,"href":"https:\/\/www.ipapoznan.pl\/index.php?rest_route=\/wp\/v2\/users\/1"}],"replies":[{"embeddable":true,"href":"https:\/\/www.ipapoznan.pl\/index.php?rest_route=%2Fwp%2Fv2%2Fcomments&post=17"}],"version-history":[{"count":2,"href":"https:\/\/www.ipapoznan.pl\/index.php?rest_route=\/wp\/v2\/pages\/17\/revisions"}],"predecessor-version":[{"id":29,"href":"https:\/\/www.ipapoznan.pl\/index.php?rest_route=\/wp\/v2\/pages\/17\/revisions\/29"}],"wp:attachment":[{"href":"https:\/\/www.ipapoznan.pl\/index.php?rest_route=%2Fwp%2Fv2%2Fmedia&parent=17"}],"curies":[{"name":"wp","href":"https:\/\/api.w.org\/{rel}","templated":true}]}}